{"id":5659,"date":"2024-10-31T10:51:56","date_gmt":"2024-10-31T10:51:56","guid":{"rendered":"https:\/\/dev.pixpassion.de\/?page_id=5659"},"modified":"2025-07-07T14:54:45","modified_gmt":"2025-07-07T14:54:45","slug":"leistungen","status":"publish","type":"page","link":"https:\/\/www.pixpassion.de\/en\/leistungen\/","title":{"rendered":"Services"},"content":{"rendered":"<div data-elementor-type=\"wp-page\" data-elementor-id=\"5659\" class=\"elementor elementor-5659\" data-elementor-post-type=\"page\">\n\t\t\t\t<div class=\"elementor-element elementor-element-f1dfcd1 e-flex e-con-boxed e-con e-parent\" data-id=\"f1dfcd1\" data-element_type=\"container\" data-e-type=\"container\">\n\t\t\t\t\t<div class=\"e-con-inner\">\n\t\t\t\t<div class=\"elementor-element elementor-element-e608775 elementor-widget elementor-widget-menu-anchor\" data-id=\"e608775\" data-element_type=\"widget\" data-e-type=\"widget\" data-widget_type=\"menu-anchor.default\">\n\t\t\t\t\t\t\t<div class=\"elementor-menu-anchor\" id=\"content\"><\/div>\n\t\t\t\t\t\t<\/div>\n\t\t\t\t\t<\/div>\n\t\t\t\t<\/div>\n\t\t\t\t<section class=\"elementor-section elementor-top-section elementor-element elementor-element-f615b57 elementor-section-full_width elementor-section-height-default elementor-section-height-default\" data-id=\"f615b57\" data-element_type=\"section\" data-e-type=\"section\" data-settings=\"{&quot;background_background&quot;:&quot;classic&quot;}\">\n\t\t\t\t\t\t<div class=\"elementor-container elementor-column-gap-default\">\n\t\t\t\t\t<div class=\"elementor-column elementor-col-100 elementor-top-column elementor-element elementor-element-9efb6ff\" data-id=\"9efb6ff\" data-element_type=\"column\" data-e-type=\"column\">\n\t\t\t<div class=\"elementor-widget-wrap elementor-element-populated\">\n\t\t\t\t\t\t<section class=\"elementor-section elementor-inner-section elementor-element elementor-element-e2c3081 elementor-reverse-tablet elementor-reverse-mobile elementor-section-boxed elementor-section-height-default elementor-section-height-default\" data-id=\"e2c3081\" data-element_type=\"section\" data-e-type=\"section\" data-settings=\"{&quot;background_background&quot;:&quot;classic&quot;}\">\n\t\t\t\t\t\t<div class=\"elementor-container elementor-column-gap-default\">\n\t\t\t\t\t<div class=\"elementor-column elementor-col-100 elementor-inner-column elementor-element elementor-element-4bf108e elementor-invisible\" data-id=\"4bf108e\" data-element_type=\"column\" data-e-type=\"column\" data-settings=\"{&quot;animation&quot;:&quot;fadeIn&quot;}\">\n\t\t\t<div class=\"elementor-widget-wrap elementor-element-populated\">\n\t\t\t\t\t\t<div class=\"elementor-element elementor-element-8427b30 elementor-widget elementor-widget-button\" data-id=\"8427b30\" data-element_type=\"widget\" data-e-type=\"widget\" data-widget_type=\"button.default\">\n\t\t\t\t\t\t\t\t\t\t<a class=\"elementor-button elementor-button-link elementor-size-sm elementor-animation-shrink\" href=\"https:\/\/www.pixpassion.de\/en\/#leistungen\">\n\t\t\t\t\t\t<span class=\"elementor-button-content-wrapper\">\n\t\t\t\t\t\t\t\t\t<span class=\"elementor-button-text\">Back<\/span>\n\t\t\t\t\t<\/span>\n\t\t\t\t\t<\/a>\n\t\t\t\t\t\t\t\t<\/div>\n\t\t\t\t\t<\/div>\n\t\t<\/div>\n\t\t\t\t\t<\/div>\n\t\t<\/section>\n\t\t\t\t\t<\/div>\n\t\t<\/div>\n\t\t\t\t\t<\/div>\n\t\t<\/section>\n\t\t\t\t<main class=\"elementor-section elementor-top-section elementor-element elementor-element-33df98a elementor-reverse-tablet elementor-reverse-mobile elementor-section-boxed elementor-section-height-default elementor-section-height-default\" data-id=\"33df98a\" data-element_type=\"section\" data-e-type=\"section\" data-settings=\"{&quot;background_background&quot;:&quot;classic&quot;}\">\n\t\t\t\t\t\t<div class=\"elementor-container elementor-column-gap-default\">\n\t\t\t\t\t<div class=\"elementor-column elementor-col-50 elementor-top-column elementor-element elementor-element-acabef7 animated-slow elementor-invisible\" data-id=\"acabef7\" data-element_type=\"column\" data-e-type=\"column\" data-settings=\"{&quot;animation&quot;:&quot;fadeInUp&quot;}\">\n\t\t\t<div class=\"elementor-widget-wrap elementor-element-populated\">\n\t\t\t\t\t\t<div class=\"elementor-element elementor-element-06b8d05 elementor-widget elementor-widget-heading\" data-id=\"06b8d05\" data-element_type=\"widget\" data-e-type=\"widget\" data-widget_type=\"heading.default\">\n\t\t\t\t\t<h1 class=\"elementor-heading-title elementor-size-default\">Digital Workflow<\/h1>\t\t\t\t<\/div>\n\t\t\t\t<div class=\"elementor-element elementor-element-8c5baf3 elementor-widget elementor-widget-text-editor\" data-id=\"8c5baf3\" data-element_type=\"widget\" data-e-type=\"widget\" data-widget_type=\"text-editor.default\">\n\t\t\t\t\t\t\t\t\t<p>Standardised applications or individual programming? We analyse your needs and processes and develop the specific solution that best suits you. You benefit from a high degree of automation, greater transparency and fewer error sources.<\/p>\t\t\t\t\t\t\t\t<\/div>\n\t\t\t\t\t<\/div>\n\t\t<\/div>\n\t\t\t\t<div class=\"elementor-column elementor-col-50 elementor-top-column elementor-element elementor-element-b156b0d\" data-id=\"b156b0d\" data-element_type=\"column\" data-e-type=\"column\">\n\t\t\t<div class=\"elementor-widget-wrap elementor-element-populated\">\n\t\t\t\t\t\t<div class=\"elementor-element elementor-element-e358fe7 animated-slow elementor-invisible elementor-widget elementor-widget-image\" data-id=\"e358fe7\" data-element_type=\"widget\" data-e-type=\"widget\" data-settings=\"{&quot;_animation&quot;:&quot;fadeInLeft&quot;}\" data-widget_type=\"image.default\">\n\t\t\t\t\t\t\t\t\t\t\t\t\t\t\t<img fetchpriority=\"high\" decoding=\"async\" width=\"496\" height=\"496\" src=\"https:\/\/www.pixpassion.de\/wp-content\/uploads\/2024\/12\/Digital_Workflow.jpg\" class=\"attachment-large size-large wp-image-8591\" alt=\"\" srcset=\"https:\/\/www.pixpassion.de\/wp-content\/uploads\/2024\/12\/Digital_Workflow.jpg 496w, https:\/\/www.pixpassion.de\/wp-content\/uploads\/2024\/12\/Digital_Workflow-300x300.jpg 300w, https:\/\/www.pixpassion.de\/wp-content\/uploads\/2024\/12\/Digital_Workflow-150x150.jpg 150w, https:\/\/www.pixpassion.de\/wp-content\/uploads\/2024\/12\/Digital_Workflow-12x12.jpg 12w\" sizes=\"(max-width: 496px) 100vw, 496px\" \/>\t\t\t\t\t\t\t\t\t\t\t\t\t\t\t<\/div>\n\t\t\t\t\t<\/div>\n\t\t<\/div>\n\t\t\t\t\t<\/div>\n\t\t<\/main>\n\t\t\t\t<section class=\"elementor-section elementor-top-section elementor-element elementor-element-a184f1a elementor-section-boxed elementor-section-height-default elementor-section-height-default\" data-id=\"a184f1a\" data-element_type=\"section\" data-e-type=\"section\" data-settings=\"{&quot;background_background&quot;:&quot;classic&quot;}\">\n\t\t\t\t\t\t<div class=\"elementor-container elementor-column-gap-default\">\n\t\t\t\t\t<div class=\"elementor-column elementor-col-50 elementor-top-column elementor-element elementor-element-80075a5\" data-id=\"80075a5\" data-element_type=\"column\" data-e-type=\"column\">\n\t\t\t<div class=\"elementor-widget-wrap elementor-element-populated\">\n\t\t\t\t\t\t<div class=\"elementor-element elementor-element-a63e85e animated-slow elementor-invisible elementor-widget elementor-widget-image\" data-id=\"a63e85e\" data-element_type=\"widget\" data-e-type=\"widget\" data-settings=\"{&quot;_animation&quot;:&quot;fadeInRight&quot;}\" data-widget_type=\"image.default\">\n\t\t\t\t\t\t\t\t\t\t\t\t\t\t\t<img decoding=\"async\" width=\"496\" height=\"496\" src=\"https:\/\/www.pixpassion.de\/wp-content\/uploads\/2024\/12\/Media_Design.jpg\" class=\"attachment-large size-large wp-image-8592\" alt=\"\" srcset=\"https:\/\/www.pixpassion.de\/wp-content\/uploads\/2024\/12\/Media_Design.jpg 496w, https:\/\/www.pixpassion.de\/wp-content\/uploads\/2024\/12\/Media_Design-300x300.jpg 300w, https:\/\/www.pixpassion.de\/wp-content\/uploads\/2024\/12\/Media_Design-150x150.jpg 150w, https:\/\/www.pixpassion.de\/wp-content\/uploads\/2024\/12\/Media_Design-12x12.jpg 12w\" sizes=\"(max-width: 496px) 100vw, 496px\" \/>\t\t\t\t\t\t\t\t\t\t\t\t\t\t\t<\/div>\n\t\t\t\t\t<\/div>\n\t\t<\/div>\n\t\t\t\t<div class=\"elementor-column elementor-col-50 elementor-top-column elementor-element elementor-element-5c418c9 animated-slow elementor-invisible\" data-id=\"5c418c9\" data-element_type=\"column\" data-e-type=\"column\" data-settings=\"{&quot;animation&quot;:&quot;fadeInUp&quot;}\">\n\t\t\t<div class=\"elementor-widget-wrap elementor-element-populated\">\n\t\t\t\t\t\t<div class=\"elementor-element elementor-element-acc6ef2 elementor-widget elementor-widget-heading\" data-id=\"acc6ef2\" data-element_type=\"widget\" data-e-type=\"widget\" data-widget_type=\"heading.default\">\n\t\t\t\t\t<h2 class=\"elementor-heading-title elementor-size-default\">Media Design<\/h2>\t\t\t\t<\/div>\n\t\t\t\t<div class=\"elementor-element elementor-element-8166111 elementor-widget elementor-widget-text-editor\" data-id=\"8166111\" data-element_type=\"widget\" data-e-type=\"widget\" data-widget_type=\"text-editor.default\">\n\t\t\t\t\t\t\t\t\t<p>We turn your ideas into reality while respecting the CI and maintaining the highest quality standards \u2013 taking care of the typesetting, final artwork, image retouching, colour management, post-production and motion work.<\/p>\t\t\t\t\t\t\t\t<\/div>\n\t\t\t\t\t<\/div>\n\t\t<\/div>\n\t\t\t\t\t<\/div>\n\t\t<\/section>\n\t\t\t\t<section class=\"elementor-section elementor-top-section elementor-element elementor-element-2f5476f elementor-reverse-tablet elementor-reverse-mobile elementor-section-boxed elementor-section-height-default elementor-section-height-default\" data-id=\"2f5476f\" data-element_type=\"section\" data-e-type=\"section\" data-settings=\"{&quot;background_background&quot;:&quot;classic&quot;}\">\n\t\t\t\t\t\t<div class=\"elementor-container elementor-column-gap-default\">\n\t\t\t\t\t<div class=\"elementor-column elementor-col-50 elementor-top-column elementor-element elementor-element-3c84cde animated-slow elementor-invisible\" data-id=\"3c84cde\" data-element_type=\"column\" data-e-type=\"column\" data-settings=\"{&quot;animation&quot;:&quot;fadeInUp&quot;}\">\n\t\t\t<div class=\"elementor-widget-wrap elementor-element-populated\">\n\t\t\t\t\t\t<div class=\"elementor-element elementor-element-880fb0a elementor-widget elementor-widget-heading\" data-id=\"880fb0a\" data-element_type=\"widget\" data-e-type=\"widget\" data-widget_type=\"heading.default\">\n\t\t\t\t\t<h2 class=\"elementor-heading-title elementor-size-default\">Print management<\/h2>\t\t\t\t<\/div>\n\t\t\t\t<div class=\"elementor-element elementor-element-5492e3a elementor-widget elementor-widget-text-editor\" data-id=\"5492e3a\" data-element_type=\"widget\" data-e-type=\"widget\" data-widget_type=\"text-editor.default\">\n\t\t\t\t\t\t\t\t\t<p>A new flyer or entirely new printed matter for a store? One-off mailings or automated correspondence for specific occasions? Mass-market giveaways or high-quality personalised gifts? We not only produce all kinds of promotional material for you, but also design the ideal packaging and take care of the shipping.<\/p>\t\t\t\t\t\t\t\t<\/div>\n\t\t\t\t\t<\/div>\n\t\t<\/div>\n\t\t\t\t<div class=\"elementor-column elementor-col-50 elementor-top-column elementor-element elementor-element-7884a55\" data-id=\"7884a55\" data-element_type=\"column\" data-e-type=\"column\">\n\t\t\t<div class=\"elementor-widget-wrap elementor-element-populated\">\n\t\t\t\t\t\t<div class=\"elementor-element elementor-element-506bcab animated-slow elementor-invisible elementor-widget elementor-widget-image\" data-id=\"506bcab\" data-element_type=\"widget\" data-e-type=\"widget\" data-settings=\"{&quot;_animation&quot;:&quot;fadeInLeft&quot;}\" data-widget_type=\"image.default\">\n\t\t\t\t\t\t\t\t\t\t\t\t\t\t\t<img decoding=\"async\" width=\"496\" height=\"496\" src=\"https:\/\/www.pixpassion.de\/wp-content\/uploads\/2024\/12\/Printmanagement.jpg\" class=\"attachment-large size-large wp-image-8593\" alt=\"\" srcset=\"https:\/\/www.pixpassion.de\/wp-content\/uploads\/2024\/12\/Printmanagement.jpg 496w, https:\/\/www.pixpassion.de\/wp-content\/uploads\/2024\/12\/Printmanagement-300x300.jpg 300w, https:\/\/www.pixpassion.de\/wp-content\/uploads\/2024\/12\/Printmanagement-150x150.jpg 150w, https:\/\/www.pixpassion.de\/wp-content\/uploads\/2024\/12\/Printmanagement-12x12.jpg 12w\" sizes=\"(max-width: 496px) 100vw, 496px\" \/>\t\t\t\t\t\t\t\t\t\t\t\t\t\t\t<\/div>\n\t\t\t\t\t<\/div>\n\t\t<\/div>\n\t\t\t\t\t<\/div>\n\t\t<\/section>\n\t\t\t\t<section class=\"elementor-section elementor-top-section elementor-element elementor-element-681a513 elementor-section-boxed elementor-section-height-default elementor-section-height-default\" data-id=\"681a513\" data-element_type=\"section\" data-e-type=\"section\" data-settings=\"{&quot;background_background&quot;:&quot;classic&quot;}\">\n\t\t\t\t\t\t<div class=\"elementor-container elementor-column-gap-default\">\n\t\t\t\t\t<div class=\"elementor-column elementor-col-50 elementor-top-column elementor-element elementor-element-b7c60aa\" data-id=\"b7c60aa\" data-element_type=\"column\" data-e-type=\"column\">\n\t\t\t<div class=\"elementor-widget-wrap elementor-element-populated\">\n\t\t\t\t\t\t<div class=\"elementor-element elementor-element-a13d9a5 animated-slow elementor-invisible elementor-widget elementor-widget-image\" data-id=\"a13d9a5\" data-element_type=\"widget\" data-e-type=\"widget\" data-settings=\"{&quot;_animation&quot;:&quot;fadeInRight&quot;}\" data-widget_type=\"image.default\">\n\t\t\t\t\t\t\t\t\t\t\t\t\t\t\t<img loading=\"lazy\" decoding=\"async\" width=\"496\" height=\"496\" src=\"https:\/\/www.pixpassion.de\/wp-content\/uploads\/2024\/12\/Logistik.jpg\" class=\"attachment-large size-large wp-image-8594\" alt=\"\" srcset=\"https:\/\/www.pixpassion.de\/wp-content\/uploads\/2024\/12\/Logistik.jpg 496w, https:\/\/www.pixpassion.de\/wp-content\/uploads\/2024\/12\/Logistik-300x300.jpg 300w, https:\/\/www.pixpassion.de\/wp-content\/uploads\/2024\/12\/Logistik-150x150.jpg 150w, https:\/\/www.pixpassion.de\/wp-content\/uploads\/2024\/12\/Logistik-12x12.jpg 12w\" sizes=\"(max-width: 496px) 100vw, 496px\" \/>\t\t\t\t\t\t\t\t\t\t\t\t\t\t\t<\/div>\n\t\t\t\t\t<\/div>\n\t\t<\/div>\n\t\t\t\t<div class=\"elementor-column elementor-col-50 elementor-top-column elementor-element elementor-element-3ed88d6 animated-slow elementor-invisible\" data-id=\"3ed88d6\" data-element_type=\"column\" data-e-type=\"column\" data-settings=\"{&quot;animation&quot;:&quot;fadeInUp&quot;}\">\n\t\t\t<div class=\"elementor-widget-wrap elementor-element-populated\">\n\t\t\t\t\t\t<div class=\"elementor-element elementor-element-f35b936 elementor-widget elementor-widget-heading\" data-id=\"f35b936\" data-element_type=\"widget\" data-e-type=\"widget\" data-widget_type=\"heading.default\">\n\t\t\t\t\t<h3 class=\"elementor-heading-title elementor-size-default\">Logistics<\/h3>\t\t\t\t<\/div>\n\t\t\t\t<div class=\"elementor-element elementor-element-4180475 elementor-widget elementor-widget-text-editor\" data-id=\"4180475\" data-element_type=\"widget\" data-e-type=\"widget\" data-widget_type=\"text-editor.default\">\n\t\t\t\t\t\t\t\t\t<p>Successful concepts often require complex supply chains and extensive logistics. We ease the burden on your resources by organising professional packaging, managing efficient transport and shipping services and providing high warehousing capacity, while you benefit from more cost-effective bulk pricing and also save time and space.<\/p>\t\t\t\t\t\t\t\t<\/div>\n\t\t\t\t\t<\/div>\n\t\t<\/div>\n\t\t\t\t\t<\/div>\n\t\t<\/section>\n\t\t\t\t<section class=\"elementor-section elementor-top-section elementor-element elementor-element-ba4c805 elementor-section-boxed elementor-section-height-default elementor-section-height-default\" data-id=\"ba4c805\" data-element_type=\"section\" data-e-type=\"section\" data-settings=\"{&quot;background_background&quot;:&quot;classic&quot;}\">\n\t\t\t\t\t\t<div class=\"elementor-container elementor-column-gap-default\">\n\t\t\t\t\t<div class=\"elementor-column elementor-col-50 elementor-top-column elementor-element elementor-element-9dbdd62 animated-slow elementor-invisible\" data-id=\"9dbdd62\" data-element_type=\"column\" data-e-type=\"column\" data-settings=\"{&quot;animation&quot;:&quot;fadeInUp&quot;}\">\n\t\t\t<div class=\"elementor-widget-wrap elementor-element-populated\">\n\t\t\t\t\t\t<div class=\"elementor-element elementor-element-b36cad8 elementor-widget elementor-widget-heading\" data-id=\"b36cad8\" data-element_type=\"widget\" data-e-type=\"widget\" data-widget_type=\"heading.default\">\n\t\t\t\t\t<h3 class=\"elementor-heading-title elementor-size-default\">Your individual challenge!<\/h3>\t\t\t\t<\/div>\n\t\t\t\t<div class=\"elementor-element elementor-element-519948f elementor-widget elementor-widget-text-editor\" data-id=\"519948f\" data-element_type=\"widget\" data-e-type=\"widget\" data-widget_type=\"text-editor.default\">\n\t\t\t\t\t\t\t\t\t<p><br \/>Effective communication should work on a really simple level. Whether a one-off project or a complete package, together we can develop efficient solutions that match your goals, your budget and your processes.<\/p>\t\t\t\t\t\t\t\t<\/div>\n\t\t\t\t\t<\/div>\n\t\t<\/div>\n\t\t\t\t<div class=\"elementor-column elementor-col-50 elementor-top-column elementor-element elementor-element-8657e22\" data-id=\"8657e22\" data-element_type=\"column\" data-e-type=\"column\">\n\t\t\t<div class=\"elementor-widget-wrap\">\n\t\t\t\t\t\t\t<\/div>\n\t\t<\/div>\n\t\t\t\t\t<\/div>\n\t\t<\/section>\n\t\t\t\t<\/div>","protected":false},"excerpt":{"rendered":"<p>Zur\u00fcck Digital Workflow Standardisierte Anwendungen oder individuelle Programmierung? Wir analysieren Ihre Anforderungen und Prozesse und erarbeiten genau die L\u00f6sung, die zu Ihnen passt. Sie profitieren von einem hohen Automatisierungsgrad, h\u00f6herer Transparenz und der Reduktion von Fehlerquellen. Media Design Ihre Ideen setzen wir CI-konform nach h\u00f6chsten Qualit\u00e4tsstandards um \u2013 vom Satz bis zur Reinzeichnung, von der [&hellip;]<\/p>\n","protected":false},"author":1,"featured_media":0,"parent":0,"menu_order":0,"comment_status":"closed","ping_status":"closed","template":"elementor_header_footer","meta":{"footnotes":""},"class_list":["post-5659","page","type-page","status-publish","hentry"],"yoast_head":"<!-- This site is optimized with the Yoast SEO plugin v27.5 - https:\/\/yoast.com\/product\/yoast-seo-wordpress\/ -->\n<title>Leistungen - pixpassion<\/title>\n<meta name=\"description\" content=\"Pixpassion realisiert Ihre Kommunikations- und Marketingideen. Ganz gleich, ob Pixpassion Sie auf Projektbasis oder mit einer prozessualen Komplettl\u00f6sung unterst\u00fctzt: Pixpassion macht aus Ihren Ideen Wirklichkeit.\" \/>\n<meta name=\"robots\" content=\"index, follow, max-snippet:-1, max-image-preview:large, max-video-preview:-1\" \/>\n<link rel=\"canonical\" href=\"https:\/\/www.pixpassion.de\/en\/leistungen\/\" \/>\n<meta property=\"og:locale\" content=\"en_US\" \/>\n<meta property=\"og:type\" content=\"article\" \/>\n<meta property=\"og:title\" content=\"Leistungen - pixpassion\" \/>\n<meta property=\"og:description\" content=\"Pixpassion realisiert Ihre Kommunikations- und Marketingideen. Ganz gleich, ob Pixpassion Sie auf Projektbasis oder mit einer prozessualen Komplettl\u00f6sung unterst\u00fctzt: Pixpassion macht aus Ihren Ideen Wirklichkeit.\" \/>\n<meta property=\"og:url\" content=\"https:\/\/www.pixpassion.de\/en\/leistungen\/\" \/>\n<meta property=\"og:site_name\" content=\"pixpassion\" \/>\n<meta property=\"article:modified_time\" content=\"2025-07-07T14:54:45+00:00\" \/>\n<meta property=\"og:image\" content=\"https:\/\/www.pixpassion.de\/wp-content\/uploads\/2024\/12\/Digital_Workflow.jpg\" \/>\n\t<meta property=\"og:image:width\" content=\"496\" \/>\n\t<meta property=\"og:image:height\" content=\"496\" \/>\n\t<meta property=\"og:image:type\" content=\"image\/webp\" \/>\n<meta name=\"twitter:card\" content=\"summary_large_image\" \/>\n<meta name=\"twitter:label1\" content=\"Est. reading time\" \/>\n\t<meta name=\"twitter:data1\" content=\"1 minute\" \/>\n<script type=\"application\/ld+json\" class=\"yoast-schema-graph\">{\"@context\":\"https:\\\/\\\/schema.org\",\"@graph\":[{\"@type\":\"WebPage\",\"@id\":\"https:\\\/\\\/www.pixpassion.de\\\/leistungen\\\/\",\"url\":\"https:\\\/\\\/www.pixpassion.de\\\/leistungen\\\/\",\"name\":\"Leistungen - pixpassion\",\"isPartOf\":{\"@id\":\"https:\\\/\\\/www.pixpassion.de\\\/#website\"},\"primaryImageOfPage\":{\"@id\":\"https:\\\/\\\/www.pixpassion.de\\\/leistungen\\\/#primaryimage\"},\"image\":{\"@id\":\"https:\\\/\\\/www.pixpassion.de\\\/leistungen\\\/#primaryimage\"},\"thumbnailUrl\":\"https:\\\/\\\/www.pixpassion.de\\\/wp-content\\\/uploads\\\/2024\\\/12\\\/Digital_Workflow.jpg\",\"datePublished\":\"2024-10-31T10:51:56+00:00\",\"dateModified\":\"2025-07-07T14:54:45+00:00\",\"description\":\"Pixpassion realisiert Ihre Kommunikations- und Marketingideen. Ganz gleich, ob Pixpassion Sie auf Projektbasis oder mit einer prozessualen Komplettl\u00f6sung unterst\u00fctzt: Pixpassion macht aus Ihren Ideen Wirklichkeit.\",\"breadcrumb\":{\"@id\":\"https:\\\/\\\/www.pixpassion.de\\\/leistungen\\\/#breadcrumb\"},\"inLanguage\":\"en-US\",\"potentialAction\":[{\"@type\":\"ReadAction\",\"target\":[\"https:\\\/\\\/www.pixpassion.de\\\/leistungen\\\/\"]}]},{\"@type\":\"ImageObject\",\"inLanguage\":\"en-US\",\"@id\":\"https:\\\/\\\/www.pixpassion.de\\\/leistungen\\\/#primaryimage\",\"url\":\"https:\\\/\\\/www.pixpassion.de\\\/wp-content\\\/uploads\\\/2024\\\/12\\\/Digital_Workflow.jpg\",\"contentUrl\":\"https:\\\/\\\/www.pixpassion.de\\\/wp-content\\\/uploads\\\/2024\\\/12\\\/Digital_Workflow.jpg\"},{\"@type\":\"BreadcrumbList\",\"@id\":\"https:\\\/\\\/www.pixpassion.de\\\/leistungen\\\/#breadcrumb\",\"itemListElement\":[{\"@type\":\"ListItem\",\"position\":1,\"name\":\"Startseite\",\"item\":\"https:\\\/\\\/www.pixpassion.de\\\/\"},{\"@type\":\"ListItem\",\"position\":2,\"name\":\"Leistungen\"}]},{\"@type\":\"WebSite\",\"@id\":\"https:\\\/\\\/www.pixpassion.de\\\/#website\",\"url\":\"https:\\\/\\\/www.pixpassion.de\\\/\",\"name\":\"pixpassion\",\"description\":\"pixpassion | Ideen werden Wirklichkeit.\",\"potentialAction\":[{\"@type\":\"SearchAction\",\"target\":{\"@type\":\"EntryPoint\",\"urlTemplate\":\"https:\\\/\\\/www.pixpassion.de\\\/?s={search_term_string}\"},\"query-input\":{\"@type\":\"PropertyValueSpecification\",\"valueRequired\":true,\"valueName\":\"search_term_string\"}}],\"inLanguage\":\"en-US\"}]}<\/script>\n<!-- \/ Yoast SEO plugin. -->","yoast_head_json":{"title":"Leistungen - pixpassion","description":"Pixpassion realisiert Ihre Kommunikations- und Marketingideen. Ganz gleich, ob Pixpassion Sie auf Projektbasis oder mit einer prozessualen Komplettl\u00f6sung unterst\u00fctzt: Pixpassion macht aus Ihren Ideen Wirklichkeit.","robots":{"index":"index","follow":"follow","max-snippet":"max-snippet:-1","max-image-preview":"max-image-preview:large","max-video-preview":"max-video-preview:-1"},"canonical":"https:\/\/www.pixpassion.de\/en\/leistungen\/","og_locale":"en_US","og_type":"article","og_title":"Leistungen - pixpassion","og_description":"Pixpassion realisiert Ihre Kommunikations- und Marketingideen. Ganz gleich, ob Pixpassion Sie auf Projektbasis oder mit einer prozessualen Komplettl\u00f6sung unterst\u00fctzt: Pixpassion macht aus Ihren Ideen Wirklichkeit.","og_url":"https:\/\/www.pixpassion.de\/en\/leistungen\/","og_site_name":"pixpassion","article_modified_time":"2025-07-07T14:54:45+00:00","og_image":[{"width":496,"height":496,"url":"https:\/\/www.pixpassion.de\/wp-content\/uploads\/2024\/12\/Digital_Workflow.jpg","type":"image\/webp"}],"twitter_card":"summary_large_image","twitter_misc":{"Est. reading time":"1 minute"},"schema":{"@context":"https:\/\/schema.org","@graph":[{"@type":"WebPage","@id":"https:\/\/www.pixpassion.de\/leistungen\/","url":"https:\/\/www.pixpassion.de\/leistungen\/","name":"Leistungen - pixpassion","isPartOf":{"@id":"https:\/\/www.pixpassion.de\/#website"},"primaryImageOfPage":{"@id":"https:\/\/www.pixpassion.de\/leistungen\/#primaryimage"},"image":{"@id":"https:\/\/www.pixpassion.de\/leistungen\/#primaryimage"},"thumbnailUrl":"https:\/\/www.pixpassion.de\/wp-content\/uploads\/2024\/12\/Digital_Workflow.jpg","datePublished":"2024-10-31T10:51:56+00:00","dateModified":"2025-07-07T14:54:45+00:00","description":"Pixpassion realisiert Ihre Kommunikations- und Marketingideen. Ganz gleich, ob Pixpassion Sie auf Projektbasis oder mit einer prozessualen Komplettl\u00f6sung unterst\u00fctzt: Pixpassion macht aus Ihren Ideen Wirklichkeit.","breadcrumb":{"@id":"https:\/\/www.pixpassion.de\/leistungen\/#breadcrumb"},"inLanguage":"en-US","potentialAction":[{"@type":"ReadAction","target":["https:\/\/www.pixpassion.de\/leistungen\/"]}]},{"@type":"ImageObject","inLanguage":"en-US","@id":"https:\/\/www.pixpassion.de\/leistungen\/#primaryimage","url":"https:\/\/www.pixpassion.de\/wp-content\/uploads\/2024\/12\/Digital_Workflow.jpg","contentUrl":"https:\/\/www.pixpassion.de\/wp-content\/uploads\/2024\/12\/Digital_Workflow.jpg"},{"@type":"BreadcrumbList","@id":"https:\/\/www.pixpassion.de\/leistungen\/#breadcrumb","itemListElement":[{"@type":"ListItem","position":1,"name":"Startseite","item":"https:\/\/www.pixpassion.de\/"},{"@type":"ListItem","position":2,"name":"Leistungen"}]},{"@type":"WebSite","@id":"https:\/\/www.pixpassion.de\/#website","url":"https:\/\/www.pixpassion.de\/","name":"pixpassion","description":"pixpassion | Ideen werden Wirklichkeit.","potentialAction":[{"@type":"SearchAction","target":{"@type":"EntryPoint","urlTemplate":"https:\/\/www.pixpassion.de\/?s={search_term_string}"},"query-input":{"@type":"PropertyValueSpecification","valueRequired":true,"valueName":"search_term_string"}}],"inLanguage":"en-US"}]}},"_links":{"self":[{"href":"https:\/\/www.pixpassion.de\/en\/wp-json\/wp\/v2\/pages\/5659","targetHints":{"allow":["GET"]}}],"collection":[{"href":"https:\/\/www.pixpassion.de\/en\/wp-json\/wp\/v2\/pages"}],"about":[{"href":"https:\/\/www.pixpassion.de\/en\/wp-json\/wp\/v2\/types\/page"}],"author":[{"embeddable":true,"href":"https:\/\/www.pixpassion.de\/en\/wp-json\/wp\/v2\/users\/1"}],"replies":[{"embeddable":true,"href":"https:\/\/www.pixpassion.de\/en\/wp-json\/wp\/v2\/comments?post=5659"}],"version-history":[{"count":0,"href":"https:\/\/www.pixpassion.de\/en\/wp-json\/wp\/v2\/pages\/5659\/revisions"}],"wp:attachment":[{"href":"https:\/\/www.pixpassion.de\/en\/wp-json\/wp\/v2\/media?parent=5659"}],"curies":[{"name":"wp","href":"https:\/\/api.w.org\/{rel}","templated":true}]}}