{"id":5679,"date":"2024-10-31T11:14:25","date_gmt":"2024-10-31T11:14:25","guid":{"rendered":"https:\/\/dev.pixpassion.de\/?page_id=5679"},"modified":"2026-03-11T12:14:44","modified_gmt":"2026-03-11T12:14:44","slug":"darum-pixpassion","status":"publish","type":"page","link":"https:\/\/www.pixpassion.de\/en\/darum-pixpassion\/","title":{"rendered":"Darum Pixpassion"},"content":{"rendered":"<div data-elementor-type=\"wp-page\" data-elementor-id=\"5679\" class=\"elementor elementor-5679\" data-elementor-post-type=\"page\">\n\t\t\t\t<div class=\"elementor-element elementor-element-783ba56 e-flex e-con-boxed e-con e-parent\" data-id=\"783ba56\" data-element_type=\"container\" data-e-type=\"container\">\n\t\t\t\t\t<div class=\"e-con-inner\">\n\t\t\t\t<div class=\"elementor-element elementor-element-c235e1e elementor-widget elementor-widget-menu-anchor\" data-id=\"c235e1e\" data-element_type=\"widget\" data-e-type=\"widget\" data-widget_type=\"menu-anchor.default\">\n\t\t\t\t\t\t\t<div class=\"elementor-menu-anchor\" id=\"content\"><\/div>\n\t\t\t\t\t\t<\/div>\n\t\t\t\t\t<\/div>\n\t\t\t\t<\/div>\n\t\t\t\t<section class=\"elementor-section elementor-top-section elementor-element elementor-element-0f93305 elementor-section-full_width elementor-section-height-default elementor-section-height-default\" data-id=\"0f93305\" data-element_type=\"section\" data-e-type=\"section\" data-settings=\"{&quot;background_background&quot;:&quot;classic&quot;}\">\n\t\t\t\t\t\t<div class=\"elementor-container elementor-column-gap-default\">\n\t\t\t\t\t<div class=\"elementor-column elementor-col-100 elementor-top-column elementor-element elementor-element-6cdc732\" data-id=\"6cdc732\" data-element_type=\"column\" data-e-type=\"column\">\n\t\t\t<div class=\"elementor-widget-wrap elementor-element-populated\">\n\t\t\t\t\t\t<section class=\"elementor-section elementor-inner-section elementor-element elementor-element-7682366 elementor-reverse-tablet elementor-reverse-mobile elementor-section-boxed elementor-section-height-default elementor-section-height-default\" data-id=\"7682366\" data-element_type=\"section\" data-e-type=\"section\" data-settings=\"{&quot;background_background&quot;:&quot;classic&quot;}\">\n\t\t\t\t\t\t<div class=\"elementor-container elementor-column-gap-default\">\n\t\t\t\t\t<div class=\"elementor-column elementor-col-100 elementor-inner-column elementor-element elementor-element-78112a9 elementor-invisible\" data-id=\"78112a9\" data-element_type=\"column\" data-e-type=\"column\" data-settings=\"{&quot;animation&quot;:&quot;fadeIn&quot;}\">\n\t\t\t<div class=\"elementor-widget-wrap elementor-element-populated\">\n\t\t\t\t\t\t<div class=\"elementor-element elementor-element-d0d7061 elementor-widget elementor-widget-button\" data-id=\"d0d7061\" data-element_type=\"widget\" data-e-type=\"widget\" data-widget_type=\"button.default\">\n\t\t\t\t\t\t\t\t\t\t<a class=\"elementor-button elementor-button-link elementor-size-sm elementor-animation-shrink\" href=\"https:\/\/www.pixpassion.de\/en\/\">\n\t\t\t\t\t\t<span class=\"elementor-button-content-wrapper\">\n\t\t\t\t\t\t\t\t\t<span class=\"elementor-button-text\">Back<\/span>\n\t\t\t\t\t<\/span>\n\t\t\t\t\t<\/a>\n\t\t\t\t\t\t\t\t<\/div>\n\t\t\t\t\t<\/div>\n\t\t<\/div>\n\t\t\t\t\t<\/div>\n\t\t<\/section>\n\t\t\t\t\t<\/div>\n\t\t<\/div>\n\t\t\t\t\t<\/div>\n\t\t<\/section>\n\t\t\t\t<main class=\"elementor-section elementor-top-section elementor-element elementor-element-2d87e25 elementor-reverse-tablet elementor-reverse-mobile elementor-section-boxed elementor-section-height-default elementor-section-height-default\" data-id=\"2d87e25\" data-element_type=\"section\" data-e-type=\"section\" data-settings=\"{&quot;background_background&quot;:&quot;classic&quot;}\">\n\t\t\t\t\t\t<div class=\"elementor-container elementor-column-gap-default\">\n\t\t\t\t\t<div class=\"elementor-column elementor-col-50 elementor-top-column elementor-element elementor-element-22e890a animated-slow elementor-invisible\" data-id=\"22e890a\" data-element_type=\"column\" data-e-type=\"column\" data-settings=\"{&quot;animation&quot;:&quot;fadeInUp&quot;}\">\n\t\t\t<div class=\"elementor-widget-wrap elementor-element-populated\">\n\t\t\t\t\t\t<div class=\"elementor-element elementor-element-42035cb elementor-widget elementor-widget-heading\" data-id=\"42035cb\" data-element_type=\"widget\" data-e-type=\"widget\" data-widget_type=\"heading.default\">\n\t\t\t\t\t<h1 class=\"elementor-heading-title elementor-size-default\">We are experienced<\/h1>\t\t\t\t<\/div>\n\t\t\t\t<div class=\"elementor-element elementor-element-19d0863 elementor-widget elementor-widget-text-editor\" data-id=\"19d0863\" data-element_type=\"widget\" data-e-type=\"widget\" data-widget_type=\"text-editor.default\">\n\t\t\t\t\t\t\t\t\tOur team is made up of a wide range of experts \u2013 from the initial consulting phase\nto the actual execution, from media design to post-production, from individualisation to automation. The expertise gained from more than fifteen years of\nproject experience is channelled into all of our solutions.\t\t\t\t\t\t\t\t<\/div>\n\t\t\t\t\t<\/div>\n\t\t<\/div>\n\t\t\t\t<div class=\"elementor-column elementor-col-50 elementor-top-column elementor-element elementor-element-0c48524\" data-id=\"0c48524\" data-element_type=\"column\" data-e-type=\"column\">\n\t\t\t<div class=\"elementor-widget-wrap elementor-element-populated\">\n\t\t\t\t\t\t<div class=\"elementor-element elementor-element-ed695bf animated-slow elementor-invisible elementor-widget elementor-widget-image\" data-id=\"ed695bf\" data-element_type=\"widget\" data-e-type=\"widget\" data-settings=\"{&quot;_animation&quot;:&quot;fadeInLeft&quot;}\" data-no-translation=\"\" data-widget_type=\"image.default\">\n\t\t\t\t\t<style>.elementor-element-ed695bf{display:none !important}<\/style>\t\t\t\t<\/div>\n\t\t\t\t<div class=\"elementor-element elementor-element-823e2f6 animated-slow elementor-invisible elementor-widget elementor-widget-image\" data-id=\"823e2f6\" data-element_type=\"widget\" data-e-type=\"widget\" data-settings=\"{&quot;_animation&quot;:&quot;fadeInLeft&quot;}\" data-no-translation=\"\" data-widget_type=\"image.default\">\n\t\t\t\t\t\t\t\t\t\t\t\t\t\t\t<img fetchpriority=\"high\" decoding=\"async\" width=\"800\" height=\"800\" src=\"https:\/\/www.pixpassion.de\/wp-content\/uploads\/2025\/01\/Darum_Experten_EN-1024x1024.jpg\" class=\"attachment-large size-large wp-image-8820\" alt=\"\" srcset=\"https:\/\/www.pixpassion.de\/wp-content\/uploads\/2025\/01\/Darum_Experten_EN-1024x1024.jpg 1024w, https:\/\/www.pixpassion.de\/wp-content\/uploads\/2025\/01\/Darum_Experten_EN-150x150.jpg 150w, https:\/\/www.pixpassion.de\/wp-content\/uploads\/2025\/01\/Darum_Experten_EN-300x300.jpg 300w, https:\/\/www.pixpassion.de\/wp-content\/uploads\/2025\/01\/Darum_Experten_EN-768x768.jpg 768w, https:\/\/www.pixpassion.de\/wp-content\/uploads\/2025\/01\/Darum_Experten_EN-1536x1536.jpg 1536w, https:\/\/www.pixpassion.de\/wp-content\/uploads\/2025\/01\/Darum_Experten_EN-2048x2048.jpg 2048w, https:\/\/www.pixpassion.de\/wp-content\/uploads\/2025\/01\/Darum_Experten_EN-12x12.jpg 12w, https:\/\/www.pixpassion.de\/wp-content\/uploads\/2025\/01\/Darum_Experten_EN-650x650.jpg 650w, https:\/\/www.pixpassion.de\/wp-content\/uploads\/2025\/01\/Darum_Experten_EN-1300x1300.jpg 1300w\" sizes=\"(max-width: 800px) 100vw, 800px\" \/>\t\t\t\t\t\t\t\t\t\t\t\t\t\t\t<\/div>\n\t\t\t\t\t<\/div>\n\t\t<\/div>\n\t\t\t\t\t<\/div>\n\t\t<\/main>\n\t\t\t\t<section class=\"elementor-section elementor-top-section elementor-element elementor-element-1f3e540 elementor-section-boxed elementor-section-height-default elementor-section-height-default\" data-id=\"1f3e540\" data-element_type=\"section\" data-e-type=\"section\" data-settings=\"{&quot;background_background&quot;:&quot;classic&quot;}\">\n\t\t\t\t\t\t<div class=\"elementor-container elementor-column-gap-default\">\n\t\t\t\t\t<div class=\"elementor-column elementor-col-50 elementor-top-column elementor-element elementor-element-956e2eb\" data-id=\"956e2eb\" data-element_type=\"column\" data-e-type=\"column\">\n\t\t\t<div class=\"elementor-widget-wrap elementor-element-populated\">\n\t\t\t\t\t\t<div class=\"elementor-element elementor-element-9988da0 animated-slow elementor-invisible elementor-widget elementor-widget-image\" data-id=\"9988da0\" data-element_type=\"widget\" data-e-type=\"widget\" data-settings=\"{&quot;_animation&quot;:&quot;fadeInRight&quot;}\" data-no-translation=\"\" data-widget_type=\"image.default\">\n\t\t\t\t\t<style>.elementor-element-9988da0{display:none !important}<\/style>\t\t\t\t<\/div>\n\t\t\t\t<div class=\"elementor-element elementor-element-3e331fb animated-slow elementor-invisible elementor-widget elementor-widget-image\" data-id=\"3e331fb\" data-element_type=\"widget\" data-e-type=\"widget\" data-settings=\"{&quot;_animation&quot;:&quot;fadeInRight&quot;}\" data-no-translation=\"\" data-widget_type=\"image.default\">\n\t\t\t\t\t\t\t\t\t\t\t\t\t\t\t<img decoding=\"async\" width=\"800\" height=\"800\" src=\"https:\/\/www.pixpassion.de\/wp-content\/uploads\/2025\/01\/Darum_Effiziente_Loesungen_EN-1024x1024.jpg\" class=\"attachment-large size-large wp-image-8819\" alt=\"\" srcset=\"https:\/\/www.pixpassion.de\/wp-content\/uploads\/2025\/01\/Darum_Effiziente_Loesungen_EN-1024x1024.jpg 1024w, https:\/\/www.pixpassion.de\/wp-content\/uploads\/2025\/01\/Darum_Effiziente_Loesungen_EN-150x150.jpg 150w, https:\/\/www.pixpassion.de\/wp-content\/uploads\/2025\/01\/Darum_Effiziente_Loesungen_EN-300x300.jpg 300w, https:\/\/www.pixpassion.de\/wp-content\/uploads\/2025\/01\/Darum_Effiziente_Loesungen_EN-768x768.jpg 768w, https:\/\/www.pixpassion.de\/wp-content\/uploads\/2025\/01\/Darum_Effiziente_Loesungen_EN-1536x1536.jpg 1536w, https:\/\/www.pixpassion.de\/wp-content\/uploads\/2025\/01\/Darum_Effiziente_Loesungen_EN-2048x2048.jpg 2048w, https:\/\/www.pixpassion.de\/wp-content\/uploads\/2025\/01\/Darum_Effiziente_Loesungen_EN-12x12.jpg 12w, https:\/\/www.pixpassion.de\/wp-content\/uploads\/2025\/01\/Darum_Effiziente_Loesungen_EN-650x650.jpg 650w, https:\/\/www.pixpassion.de\/wp-content\/uploads\/2025\/01\/Darum_Effiziente_Loesungen_EN-1300x1300.jpg 1300w\" sizes=\"(max-width: 800px) 100vw, 800px\" \/>\t\t\t\t\t\t\t\t\t\t\t\t\t\t\t<\/div>\n\t\t\t\t\t<\/div>\n\t\t<\/div>\n\t\t\t\t<div class=\"elementor-column elementor-col-50 elementor-top-column elementor-element elementor-element-b8e1cc8 animated-slow elementor-invisible\" data-id=\"b8e1cc8\" data-element_type=\"column\" data-e-type=\"column\" data-settings=\"{&quot;animation&quot;:&quot;fadeInUp&quot;}\">\n\t\t\t<div class=\"elementor-widget-wrap elementor-element-populated\">\n\t\t\t\t\t\t<div class=\"elementor-element elementor-element-98564ce elementor-widget elementor-widget-heading\" data-id=\"98564ce\" data-element_type=\"widget\" data-e-type=\"widget\" data-widget_type=\"heading.default\">\n\t\t\t\t\t<h2 class=\"elementor-heading-title elementor-size-default\">Quality to suit every budget<\/h2>\t\t\t\t<\/div>\n\t\t\t\t<div class=\"elementor-element elementor-element-ceaae7e elementor-widget elementor-widget-text-editor\" data-id=\"ceaae7e\" data-element_type=\"widget\" data-e-type=\"widget\" data-widget_type=\"text-editor.default\">\n\t\t\t\t\t\t\t\t\t<p>We deliver efficient solutions that match your goals, your budget and your processes. Together with our suppliers, some of whom we have been working\nwith for many years, we provide outstanding technical equipment, a first-class selection of materials (taking into consideration sustainability aspects, for example), high quality and personal customer care.<\/p>\t\t\t\t\t\t\t\t<\/div>\n\t\t\t\t\t<\/div>\n\t\t<\/div>\n\t\t\t\t\t<\/div>\n\t\t<\/section>\n\t\t\t\t<section class=\"elementor-section elementor-top-section elementor-element elementor-element-32f2bf7 elementor-reverse-tablet elementor-reverse-mobile elementor-section-boxed elementor-section-height-default elementor-section-height-default\" data-id=\"32f2bf7\" data-element_type=\"section\" data-e-type=\"section\" data-settings=\"{&quot;background_background&quot;:&quot;classic&quot;}\">\n\t\t\t\t\t\t<div class=\"elementor-container elementor-column-gap-default\">\n\t\t\t\t\t<div class=\"elementor-column elementor-col-50 elementor-top-column elementor-element elementor-element-b75bc31 animated-slow elementor-invisible\" data-id=\"b75bc31\" data-element_type=\"column\" data-e-type=\"column\" data-settings=\"{&quot;animation&quot;:&quot;fadeInUp&quot;}\">\n\t\t\t<div class=\"elementor-widget-wrap elementor-element-populated\">\n\t\t\t\t\t\t<div class=\"elementor-element elementor-element-3d4a015 elementor-widget elementor-widget-heading\" data-id=\"3d4a015\" data-element_type=\"widget\" data-e-type=\"widget\" data-widget_type=\"heading.default\">\n\t\t\t\t\t<h2 class=\"elementor-heading-title elementor-size-default\">Owner-managed<\/h2>\t\t\t\t<\/div>\n\t\t\t\t<div class=\"elementor-element elementor-element-d7b8c42 elementor-widget elementor-widget-text-editor\" data-id=\"d7b8c42\" data-element_type=\"widget\" data-e-type=\"widget\" data-widget_type=\"text-editor.default\">\n\t\t\t\t\t\t\t\t\tWe are 100\u202f% owner-managed. For you, this means that we are 100&#8239;% focused on service while remaining independent and being our own harshest critics.\t\t\t\t\t\t\t\t<\/div>\n\t\t\t\t\t<\/div>\n\t\t<\/div>\n\t\t\t\t<div class=\"elementor-column elementor-col-50 elementor-top-column elementor-element elementor-element-cb65066\" data-id=\"cb65066\" data-element_type=\"column\" data-e-type=\"column\">\n\t\t\t<div class=\"elementor-widget-wrap elementor-element-populated\">\n\t\t\t\t\t\t<div class=\"elementor-element elementor-element-bc8f041 animated-slow elementor-invisible elementor-widget elementor-widget-image\" data-id=\"bc8f041\" data-element_type=\"widget\" data-e-type=\"widget\" data-settings=\"{&quot;_animation&quot;:&quot;fadeInLeft&quot;}\" data-no-translation=\"\" data-widget_type=\"image.default\">\n\t\t\t\t\t<style>.elementor-element-bc8f041{display:none !important}<\/style>\t\t\t\t<\/div>\n\t\t\t\t<div class=\"elementor-element elementor-element-3c3faa8 animated-slow elementor-invisible elementor-widget elementor-widget-image\" data-id=\"3c3faa8\" data-element_type=\"widget\" data-e-type=\"widget\" data-settings=\"{&quot;_animation&quot;:&quot;fadeInLeft&quot;}\" data-no-translation=\"\" data-widget_type=\"image.default\">\n\t\t\t\t\t\t\t\t\t\t\t\t\t\t\t<img decoding=\"async\" width=\"800\" height=\"800\" src=\"https:\/\/www.pixpassion.de\/wp-content\/uploads\/2025\/01\/Darum_Unabhaengig_EN-1024x1024.jpg\" class=\"attachment-large size-large wp-image-8821\" alt=\"\" srcset=\"https:\/\/www.pixpassion.de\/wp-content\/uploads\/2025\/01\/Darum_Unabhaengig_EN-1024x1024.jpg 1024w, https:\/\/www.pixpassion.de\/wp-content\/uploads\/2025\/01\/Darum_Unabhaengig_EN-150x150.jpg 150w, https:\/\/www.pixpassion.de\/wp-content\/uploads\/2025\/01\/Darum_Unabhaengig_EN-300x300.jpg 300w, https:\/\/www.pixpassion.de\/wp-content\/uploads\/2025\/01\/Darum_Unabhaengig_EN-768x768.jpg 768w, https:\/\/www.pixpassion.de\/wp-content\/uploads\/2025\/01\/Darum_Unabhaengig_EN-1536x1536.jpg 1536w, https:\/\/www.pixpassion.de\/wp-content\/uploads\/2025\/01\/Darum_Unabhaengig_EN-2048x2048.jpg 2048w, https:\/\/www.pixpassion.de\/wp-content\/uploads\/2025\/01\/Darum_Unabhaengig_EN-12x12.jpg 12w, https:\/\/www.pixpassion.de\/wp-content\/uploads\/2025\/01\/Darum_Unabhaengig_EN-650x650.jpg 650w, https:\/\/www.pixpassion.de\/wp-content\/uploads\/2025\/01\/Darum_Unabhaengig_EN-1300x1300.jpg 1300w\" sizes=\"(max-width: 800px) 100vw, 800px\" \/>\t\t\t\t\t\t\t\t\t\t\t\t\t\t\t<\/div>\n\t\t\t\t\t<\/div>\n\t\t<\/div>\n\t\t\t\t\t<\/div>\n\t\t<\/section>\n\t\t\t\t<\/div>","protected":false},"excerpt":{"rendered":"<p>Zur\u00fcck Wir sind erfahren Unser Team vereint die unterschiedlichsten Experten \u2013 von der Beratung bis zur Umsetzung, von Media Design bis zur Postproduction, von Individualisierung bis Automatisierung: In all unseren L\u00f6sungen steckt die Expertise von mehr als 15&nbsp;Jahren Projekterfahrung. Qualit\u00e4t f\u00fcr jedes Budget Von uns d\u00fcrfen Sie effiziente L\u00f6sungen erwarten, abgestimmt auf Ihre Ziele, Ihr [&hellip;]<\/p>\n","protected":false},"author":1,"featured_media":0,"parent":0,"menu_order":0,"comment_status":"closed","ping_status":"closed","template":"elementor_header_footer","meta":{"footnotes":""},"class_list":["post-5679","page","type-page","status-publish","hentry"],"yoast_head":"<!-- This site is optimized with the Yoast SEO plugin v27.5 - https:\/\/yoast.com\/product\/yoast-seo-wordpress\/ -->\n<title>Darum Pixpassion - pixpassion<\/title>\n<meta name=\"description\" content=\"Pixpassion realisiert Ihre Kommunikations- und Marketingideen. Ganz gleich, ob Pixpassion Sie auf Projektbasis oder mit einer prozessualen Komplettl\u00f6sung unterst\u00fctzt: Pixpassion macht aus Ihren Ideen Wirklichkeit.\" \/>\n<meta name=\"robots\" content=\"index, follow, max-snippet:-1, max-image-preview:large, max-video-preview:-1\" \/>\n<link rel=\"canonical\" href=\"https:\/\/www.pixpassion.de\/en\/darum-pixpassion\/\" \/>\n<meta property=\"og:locale\" content=\"en_US\" \/>\n<meta property=\"og:type\" content=\"article\" \/>\n<meta property=\"og:title\" content=\"Darum Pixpassion - pixpassion\" \/>\n<meta property=\"og:description\" content=\"Pixpassion realisiert Ihre Kommunikations- und Marketingideen. Ganz gleich, ob Pixpassion Sie auf Projektbasis oder mit einer prozessualen Komplettl\u00f6sung unterst\u00fctzt: Pixpassion macht aus Ihren Ideen Wirklichkeit.\" \/>\n<meta property=\"og:url\" content=\"https:\/\/www.pixpassion.de\/en\/darum-pixpassion\/\" \/>\n<meta property=\"og:site_name\" content=\"pixpassion\" \/>\n<meta property=\"article:modified_time\" content=\"2026-03-11T12:14:44+00:00\" \/>\n<meta property=\"og:image\" content=\"https:\/\/www.pixpassion.de\/wp-content\/uploads\/2024\/12\/Darum_Experten.jpg\" \/>\n\t<meta property=\"og:image:width\" content=\"2160\" \/>\n\t<meta property=\"og:image:height\" content=\"2160\" \/>\n\t<meta property=\"og:image:type\" content=\"image\/webp\" \/>\n<meta name=\"twitter:card\" content=\"summary_large_image\" \/>\n<meta name=\"twitter:label1\" content=\"Est. reading time\" \/>\n\t<meta name=\"twitter:data1\" content=\"2 minutes\" \/>\n<script type=\"application\/ld+json\" class=\"yoast-schema-graph\">{\"@context\":\"https:\\\/\\\/schema.org\",\"@graph\":[{\"@type\":\"WebPage\",\"@id\":\"https:\\\/\\\/www.pixpassion.de\\\/darum-pixpassion\\\/\",\"url\":\"https:\\\/\\\/www.pixpassion.de\\\/darum-pixpassion\\\/\",\"name\":\"Darum Pixpassion - pixpassion\",\"isPartOf\":{\"@id\":\"https:\\\/\\\/www.pixpassion.de\\\/#website\"},\"primaryImageOfPage\":{\"@id\":\"https:\\\/\\\/www.pixpassion.de\\\/darum-pixpassion\\\/#primaryimage\"},\"image\":{\"@id\":\"https:\\\/\\\/www.pixpassion.de\\\/darum-pixpassion\\\/#primaryimage\"},\"thumbnailUrl\":\"https:\\\/\\\/www.pixpassion.de\\\/wp-content\\\/uploads\\\/2024\\\/12\\\/Darum_Experten-1024x1024.jpg\",\"datePublished\":\"2024-10-31T11:14:25+00:00\",\"dateModified\":\"2026-03-11T12:14:44+00:00\",\"description\":\"Pixpassion realisiert Ihre Kommunikations- und Marketingideen. Ganz gleich, ob Pixpassion Sie auf Projektbasis oder mit einer prozessualen Komplettl\u00f6sung unterst\u00fctzt: Pixpassion macht aus Ihren Ideen Wirklichkeit.\",\"breadcrumb\":{\"@id\":\"https:\\\/\\\/www.pixpassion.de\\\/darum-pixpassion\\\/#breadcrumb\"},\"inLanguage\":\"en-US\",\"potentialAction\":[{\"@type\":\"ReadAction\",\"target\":[\"https:\\\/\\\/www.pixpassion.de\\\/darum-pixpassion\\\/\"]}]},{\"@type\":\"ImageObject\",\"inLanguage\":\"en-US\",\"@id\":\"https:\\\/\\\/www.pixpassion.de\\\/darum-pixpassion\\\/#primaryimage\",\"url\":\"https:\\\/\\\/www.pixpassion.de\\\/wp-content\\\/uploads\\\/2024\\\/12\\\/Darum_Experten-1024x1024.jpg\",\"contentUrl\":\"https:\\\/\\\/www.pixpassion.de\\\/wp-content\\\/uploads\\\/2024\\\/12\\\/Darum_Experten-1024x1024.jpg\"},{\"@type\":\"BreadcrumbList\",\"@id\":\"https:\\\/\\\/www.pixpassion.de\\\/darum-pixpassion\\\/#breadcrumb\",\"itemListElement\":[{\"@type\":\"ListItem\",\"position\":1,\"name\":\"Startseite\",\"item\":\"https:\\\/\\\/www.pixpassion.de\\\/\"},{\"@type\":\"ListItem\",\"position\":2,\"name\":\"Darum Pixpassion\"}]},{\"@type\":\"WebSite\",\"@id\":\"https:\\\/\\\/www.pixpassion.de\\\/#website\",\"url\":\"https:\\\/\\\/www.pixpassion.de\\\/\",\"name\":\"pixpassion\",\"description\":\"pixpassion | Ideen werden Wirklichkeit.\",\"potentialAction\":[{\"@type\":\"SearchAction\",\"target\":{\"@type\":\"EntryPoint\",\"urlTemplate\":\"https:\\\/\\\/www.pixpassion.de\\\/?s={search_term_string}\"},\"query-input\":{\"@type\":\"PropertyValueSpecification\",\"valueRequired\":true,\"valueName\":\"search_term_string\"}}],\"inLanguage\":\"en-US\"}]}<\/script>\n<!-- \/ Yoast SEO plugin. -->","yoast_head_json":{"title":"Darum Pixpassion - pixpassion","description":"Pixpassion realisiert Ihre Kommunikations- und Marketingideen. Ganz gleich, ob Pixpassion Sie auf Projektbasis oder mit einer prozessualen Komplettl\u00f6sung unterst\u00fctzt: Pixpassion macht aus Ihren Ideen Wirklichkeit.","robots":{"index":"index","follow":"follow","max-snippet":"max-snippet:-1","max-image-preview":"max-image-preview:large","max-video-preview":"max-video-preview:-1"},"canonical":"https:\/\/www.pixpassion.de\/en\/darum-pixpassion\/","og_locale":"en_US","og_type":"article","og_title":"Darum Pixpassion - pixpassion","og_description":"Pixpassion realisiert Ihre Kommunikations- und Marketingideen. Ganz gleich, ob Pixpassion Sie auf Projektbasis oder mit einer prozessualen Komplettl\u00f6sung unterst\u00fctzt: Pixpassion macht aus Ihren Ideen Wirklichkeit.","og_url":"https:\/\/www.pixpassion.de\/en\/darum-pixpassion\/","og_site_name":"pixpassion","article_modified_time":"2026-03-11T12:14:44+00:00","og_image":[{"width":2160,"height":2160,"url":"https:\/\/www.pixpassion.de\/wp-content\/uploads\/2024\/12\/Darum_Experten.jpg","type":"image\/webp"}],"twitter_card":"summary_large_image","twitter_misc":{"Est. reading time":"2 minutes"},"schema":{"@context":"https:\/\/schema.org","@graph":[{"@type":"WebPage","@id":"https:\/\/www.pixpassion.de\/darum-pixpassion\/","url":"https:\/\/www.pixpassion.de\/darum-pixpassion\/","name":"Darum Pixpassion - pixpassion","isPartOf":{"@id":"https:\/\/www.pixpassion.de\/#website"},"primaryImageOfPage":{"@id":"https:\/\/www.pixpassion.de\/darum-pixpassion\/#primaryimage"},"image":{"@id":"https:\/\/www.pixpassion.de\/darum-pixpassion\/#primaryimage"},"thumbnailUrl":"https:\/\/www.pixpassion.de\/wp-content\/uploads\/2024\/12\/Darum_Experten-1024x1024.jpg","datePublished":"2024-10-31T11:14:25+00:00","dateModified":"2026-03-11T12:14:44+00:00","description":"Pixpassion realisiert Ihre Kommunikations- und Marketingideen. Ganz gleich, ob Pixpassion Sie auf Projektbasis oder mit einer prozessualen Komplettl\u00f6sung unterst\u00fctzt: Pixpassion macht aus Ihren Ideen Wirklichkeit.","breadcrumb":{"@id":"https:\/\/www.pixpassion.de\/darum-pixpassion\/#breadcrumb"},"inLanguage":"en-US","potentialAction":[{"@type":"ReadAction","target":["https:\/\/www.pixpassion.de\/darum-pixpassion\/"]}]},{"@type":"ImageObject","inLanguage":"en-US","@id":"https:\/\/www.pixpassion.de\/darum-pixpassion\/#primaryimage","url":"https:\/\/www.pixpassion.de\/wp-content\/uploads\/2024\/12\/Darum_Experten-1024x1024.jpg","contentUrl":"https:\/\/www.pixpassion.de\/wp-content\/uploads\/2024\/12\/Darum_Experten-1024x1024.jpg"},{"@type":"BreadcrumbList","@id":"https:\/\/www.pixpassion.de\/darum-pixpassion\/#breadcrumb","itemListElement":[{"@type":"ListItem","position":1,"name":"Startseite","item":"https:\/\/www.pixpassion.de\/"},{"@type":"ListItem","position":2,"name":"Darum Pixpassion"}]},{"@type":"WebSite","@id":"https:\/\/www.pixpassion.de\/#website","url":"https:\/\/www.pixpassion.de\/","name":"pixpassion","description":"pixpassion | Ideen werden Wirklichkeit.","potentialAction":[{"@type":"SearchAction","target":{"@type":"EntryPoint","urlTemplate":"https:\/\/www.pixpassion.de\/?s={search_term_string}"},"query-input":{"@type":"PropertyValueSpecification","valueRequired":true,"valueName":"search_term_string"}}],"inLanguage":"en-US"}]}},"_links":{"self":[{"href":"https:\/\/www.pixpassion.de\/en\/wp-json\/wp\/v2\/pages\/5679","targetHints":{"allow":["GET"]}}],"collection":[{"href":"https:\/\/www.pixpassion.de\/en\/wp-json\/wp\/v2\/pages"}],"about":[{"href":"https:\/\/www.pixpassion.de\/en\/wp-json\/wp\/v2\/types\/page"}],"author":[{"embeddable":true,"href":"https:\/\/www.pixpassion.de\/en\/wp-json\/wp\/v2\/users\/1"}],"replies":[{"embeddable":true,"href":"https:\/\/www.pixpassion.de\/en\/wp-json\/wp\/v2\/comments?post=5679"}],"version-history":[{"count":3,"href":"https:\/\/www.pixpassion.de\/en\/wp-json\/wp\/v2\/pages\/5679\/revisions"}],"predecessor-version":[{"id":9225,"href":"https:\/\/www.pixpassion.de\/en\/wp-json\/wp\/v2\/pages\/5679\/revisions\/9225"}],"wp:attachment":[{"href":"https:\/\/www.pixpassion.de\/en\/wp-json\/wp\/v2\/media?parent=5679"}],"curies":[{"name":"wp","href":"https:\/\/api.w.org\/{rel}","templated":true}]}}