{"id":5917,"date":"2024-11-01T08:22:55","date_gmt":"2024-11-01T08:22:55","guid":{"rendered":"https:\/\/dev.pixpassion.de\/?page_id=5917"},"modified":"2025-08-19T06:33:41","modified_gmt":"2025-08-19T06:33:41","slug":"impressum","status":"publish","type":"page","link":"https:\/\/www.pixpassion.de\/en\/impressum\/","title":{"rendered":"Imprint"},"content":{"rendered":"<div data-elementor-type=\"wp-page\" data-elementor-id=\"5917\" class=\"elementor elementor-5917\" data-elementor-post-type=\"page\">\n\t\t\t\t<div class=\"elementor-element elementor-element-29764b0 e-flex e-con-boxed e-con e-parent\" data-id=\"29764b0\" data-element_type=\"container\" data-e-type=\"container\">\n\t\t\t\t\t<div class=\"e-con-inner\">\n\t\t\t\t<div class=\"elementor-element elementor-element-22094da elementor-widget elementor-widget-menu-anchor\" data-id=\"22094da\" data-element_type=\"widget\" data-e-type=\"widget\" data-widget_type=\"menu-anchor.default\">\n\t\t\t\t\t\t\t<div class=\"elementor-menu-anchor\" id=\"content\"><\/div>\n\t\t\t\t\t\t<\/div>\n\t\t\t\t\t<\/div>\n\t\t\t\t<\/div>\n\t\t\t\t<section class=\"elementor-section elementor-top-section elementor-element elementor-element-56c7b9a elementor-section-full_width elementor-section-height-default elementor-section-height-default\" data-id=\"56c7b9a\" data-element_type=\"section\" data-e-type=\"section\" data-settings=\"{&quot;background_background&quot;:&quot;classic&quot;}\">\n\t\t\t\t\t\t<div class=\"elementor-container elementor-column-gap-default\">\n\t\t\t\t\t<div class=\"elementor-column elementor-col-100 elementor-top-column elementor-element elementor-element-cc74aeb\" data-id=\"cc74aeb\" data-element_type=\"column\" data-e-type=\"column\">\n\t\t\t<div class=\"elementor-widget-wrap elementor-element-populated\">\n\t\t\t\t\t\t<section class=\"elementor-section elementor-inner-section elementor-element elementor-element-a7b2546 elementor-reverse-tablet elementor-reverse-mobile elementor-section-boxed elementor-section-height-default elementor-section-height-default\" data-id=\"a7b2546\" data-element_type=\"section\" data-e-type=\"section\" data-settings=\"{&quot;background_background&quot;:&quot;classic&quot;}\">\n\t\t\t\t\t\t<div class=\"elementor-container elementor-column-gap-default\">\n\t\t\t\t\t<div class=\"elementor-column elementor-col-100 elementor-inner-column elementor-element elementor-element-53f4dfe elementor-invisible\" data-id=\"53f4dfe\" data-element_type=\"column\" data-e-type=\"column\" data-settings=\"{&quot;animation&quot;:&quot;fadeIn&quot;}\">\n\t\t\t<div class=\"elementor-widget-wrap elementor-element-populated\">\n\t\t\t\t\t\t<div class=\"elementor-element elementor-element-dee4f54 elementor-widget elementor-widget-button\" data-id=\"dee4f54\" data-element_type=\"widget\" data-e-type=\"widget\" data-widget_type=\"button.default\">\n\t\t\t\t\t\t\t\t\t\t<a class=\"elementor-button elementor-button-link elementor-size-sm elementor-animation-shrink\" href=\"https:\/\/www.pixpassion.de\/en\/\">\n\t\t\t\t\t\t<span class=\"elementor-button-content-wrapper\">\n\t\t\t\t\t\t\t\t\t<span class=\"elementor-button-text\">Back<\/span>\n\t\t\t\t\t<\/span>\n\t\t\t\t\t<\/a>\n\t\t\t\t\t\t\t\t<\/div>\n\t\t\t\t\t<\/div>\n\t\t<\/div>\n\t\t\t\t\t<\/div>\n\t\t<\/section>\n\t\t\t\t\t<\/div>\n\t\t<\/div>\n\t\t\t\t\t<\/div>\n\t\t<\/section>\n\t\t\t\t<main class=\"elementor-section elementor-top-section elementor-element elementor-element-f703b9b elementor-section-boxed elementor-section-height-default elementor-section-height-default\" data-id=\"f703b9b\" data-element_type=\"section\" data-e-type=\"section\" data-settings=\"{&quot;background_background&quot;:&quot;classic&quot;}\">\n\t\t\t\t\t\t<div class=\"elementor-container elementor-column-gap-default\">\n\t\t\t\t\t<div class=\"elementor-column elementor-col-50 elementor-top-column elementor-element elementor-element-0e9d65a animated-slow elementor-invisible\" data-id=\"0e9d65a\" data-element_type=\"column\" data-e-type=\"column\" data-settings=\"{&quot;animation&quot;:&quot;fadeInUp&quot;,&quot;animation_mobile&quot;:&quot;none&quot;}\">\n\t\t\t<div class=\"elementor-widget-wrap elementor-element-populated\">\n\t\t\t\t\t\t<div class=\"elementor-element elementor-element-383fefb elementor-widget elementor-widget-heading\" data-id=\"383fefb\" data-element_type=\"widget\" data-e-type=\"widget\" data-widget_type=\"heading.default\">\n\t\t\t\t\t<h1 class=\"elementor-heading-title elementor-size-default\">Gesetzliche Anbieterkennung<\/h1>\t\t\t\t<\/div>\n\t\t\t\t<div class=\"elementor-element elementor-element-f621d1b elementor-widget elementor-widget-text-editor\" data-id=\"f621d1b\" data-element_type=\"widget\" data-e-type=\"widget\" data-widget_type=\"text-editor.default\">\n\t\t\t\t\t\t\t\t\t<p><span class=\"red\" style=\"color: #a61900;\">pixpassion GmbH<\/span><br \/>Vertreten durch die Gesch\u00e4ftsf\u00fchrer: <br \/>Christoph Aul und Carsten Aul<\/p><p>Geleitstra\u00dfe 66<br \/>63456 Hanau<\/p><p>Telefon:<br \/><a href=\"tel:004969210875100\"><span style=\"color: #a61900;\">+49 69 210875-100<\/span><\/a><\/p><p>E-Mail:<br \/><a title=\"info@pixpassion.de\" href=\"mailto:info@pixpassion.de?subject=Anfrage%20Pixpassion%20Webseite\"><span style=\"color: #a61900;\">info@pixpassion.de<\/span><\/a><\/p>\t\t\t\t\t\t\t\t<\/div>\n\t\t\t\t\t<\/div>\n\t\t<\/div>\n\t\t\t\t<div class=\"elementor-column elementor-col-50 elementor-top-column elementor-element elementor-element-87e5500 animated-slow elementor-invisible\" data-id=\"87e5500\" data-element_type=\"column\" data-e-type=\"column\" data-settings=\"{&quot;animation&quot;:&quot;fadeInUp&quot;,&quot;animation_mobile&quot;:&quot;none&quot;}\">\n\t\t\t<div class=\"elementor-widget-wrap elementor-element-populated\">\n\t\t\t\t\t\t<div class=\"elementor-element elementor-element-1c35b7d elementor-hidden-desktop elementor-hidden-tablet elementor-hidden-mobile elementor-widget-divider--view-line elementor-widget elementor-widget-divider\" data-id=\"1c35b7d\" data-element_type=\"widget\" data-e-type=\"widget\" data-widget_type=\"divider.default\">\n\t\t\t\t\t\t\t<div class=\"elementor-divider\">\n\t\t\t<span class=\"elementor-divider-separator\">\n\t\t\t\t\t\t<\/span>\n\t\t<\/div>\n\t\t\t\t\t\t<\/div>\n\t\t\t\t<div class=\"elementor-element elementor-element-afe1ac1 elementor-widget elementor-widget-text-editor\" data-id=\"afe1ac1\" data-element_type=\"widget\" data-e-type=\"widget\" data-widget_type=\"text-editor.default\">\n\t\t\t\t\t\t\t\t\t<p>USt-IdNr.: DE 292107714<\/p><p>Eingetragen im Handelsregister des Amtsgerichtes Hanau,<br \/>Handelsregisternummer HRB 92335<\/p><p>Verantwortlich f\u00fcr den Inhalt: Carsten Aul<\/p><p>Verbraucher\u00adstreit\u00adbeilegung\/Universal\u00adschlichtungs\u00adstelle<\/p><p>Wir sind nicht bereit oder verpflichtet, an Streitbeilegungsverfahren vor einer Verbraucherschlichtungsstelle teilzunehmen.<\/p>\t\t\t\t\t\t\t\t<\/div>\n\t\t\t\t\t<\/div>\n\t\t<\/div>\n\t\t\t\t\t<\/div>\n\t\t<\/main>\n\t\t\t\t<\/div>","protected":false},"excerpt":{"rendered":"<p>Zur\u00fcck Gesetzliche Anbieterkennung pixpassion GmbHVertreten durch die Gesch\u00e4ftsf\u00fchrer: Christoph Aul und Carsten Aul Geleitstra\u00dfe 6663456 Hanau Telefon:+49 69 210875-100 E-Mail:info@pixpassion.de USt-IdNr.: DE 292107714 Eingetragen im Handelsregister des Amtsgerichtes Hanau,Handelsregisternummer HRB 92335 Verantwortlich f\u00fcr den Inhalt: Carsten Aul Verbraucher\u00adstreit\u00adbeilegung\/Universal\u00adschlichtungs\u00adstelle Wir sind nicht bereit oder verpflichtet, an Streitbeilegungsverfahren vor einer Verbraucherschlichtungsstelle teilzunehmen.<\/p>","protected":false},"author":1,"featured_media":0,"parent":0,"menu_order":0,"comment_status":"closed","ping_status":"closed","template":"elementor_header_footer","meta":{"footnotes":""},"class_list":["post-5917","page","type-page","status-publish","hentry"],"yoast_head":"<!-- This site is optimized with the Yoast SEO plugin v27.5 - https:\/\/yoast.com\/product\/yoast-seo-wordpress\/ -->\n<title>Impressum - pixpassion<\/title>\n<meta name=\"robots\" content=\"index, follow, max-snippet:-1, max-image-preview:large, max-video-preview:-1\" \/>\n<link rel=\"canonical\" href=\"https:\/\/www.pixpassion.de\/en\/impressum\/\" \/>\n<meta property=\"og:locale\" content=\"en_US\" \/>\n<meta property=\"og:type\" content=\"article\" \/>\n<meta property=\"og:title\" content=\"Impressum - pixpassion\" \/>\n<meta property=\"og:description\" content=\"Zur\u00fcck Gesetzliche Anbieterkennung pixpassion GmbHVertreten durch die Gesch\u00e4ftsf\u00fchrer: Christoph Aul und Carsten Aul Geleitstra\u00dfe 6663456 Hanau Telefon:+49 69 210875-100 E-Mail:info@pixpassion.de USt-IdNr.: DE 292107714 Eingetragen im Handelsregister des Amtsgerichtes Hanau,Handelsregisternummer HRB 92335 Verantwortlich f\u00fcr den Inhalt: Carsten Aul Verbraucher\u00adstreit\u00adbeilegung\/Universal\u00adschlichtungs\u00adstelle Wir sind nicht bereit oder verpflichtet, an Streitbeilegungsverfahren vor einer Verbraucherschlichtungsstelle teilzunehmen.\" \/>\n<meta property=\"og:url\" content=\"https:\/\/www.pixpassion.de\/en\/impressum\/\" \/>\n<meta property=\"og:site_name\" content=\"pixpassion\" \/>\n<meta property=\"article:modified_time\" content=\"2025-08-19T06:33:41+00:00\" \/>\n<meta name=\"twitter:card\" content=\"summary_large_image\" \/>\n<meta name=\"twitter:label1\" content=\"Est. reading time\" \/>\n\t<meta name=\"twitter:data1\" content=\"1 minute\" \/>\n<script type=\"application\/ld+json\" class=\"yoast-schema-graph\">{\"@context\":\"https:\\\/\\\/schema.org\",\"@graph\":[{\"@type\":\"WebPage\",\"@id\":\"https:\\\/\\\/www.pixpassion.de\\\/impressum\\\/\",\"url\":\"https:\\\/\\\/www.pixpassion.de\\\/impressum\\\/\",\"name\":\"Impressum - pixpassion\",\"isPartOf\":{\"@id\":\"https:\\\/\\\/www.pixpassion.de\\\/#website\"},\"datePublished\":\"2024-11-01T08:22:55+00:00\",\"dateModified\":\"2025-08-19T06:33:41+00:00\",\"breadcrumb\":{\"@id\":\"https:\\\/\\\/www.pixpassion.de\\\/impressum\\\/#breadcrumb\"},\"inLanguage\":\"en-US\",\"potentialAction\":[{\"@type\":\"ReadAction\",\"target\":[\"https:\\\/\\\/www.pixpassion.de\\\/impressum\\\/\"]}]},{\"@type\":\"BreadcrumbList\",\"@id\":\"https:\\\/\\\/www.pixpassion.de\\\/impressum\\\/#breadcrumb\",\"itemListElement\":[{\"@type\":\"ListItem\",\"position\":1,\"name\":\"Startseite\",\"item\":\"https:\\\/\\\/www.pixpassion.de\\\/\"},{\"@type\":\"ListItem\",\"position\":2,\"name\":\"Impressum\"}]},{\"@type\":\"WebSite\",\"@id\":\"https:\\\/\\\/www.pixpassion.de\\\/#website\",\"url\":\"https:\\\/\\\/www.pixpassion.de\\\/\",\"name\":\"pixpassion\",\"description\":\"pixpassion | Ideen werden Wirklichkeit.\",\"potentialAction\":[{\"@type\":\"SearchAction\",\"target\":{\"@type\":\"EntryPoint\",\"urlTemplate\":\"https:\\\/\\\/www.pixpassion.de\\\/?s={search_term_string}\"},\"query-input\":{\"@type\":\"PropertyValueSpecification\",\"valueRequired\":true,\"valueName\":\"search_term_string\"}}],\"inLanguage\":\"en-US\"}]}<\/script>\n<!-- \/ Yoast SEO plugin. -->","yoast_head_json":{"title":"Impressum - pixpassion","robots":{"index":"index","follow":"follow","max-snippet":"max-snippet:-1","max-image-preview":"max-image-preview:large","max-video-preview":"max-video-preview:-1"},"canonical":"https:\/\/www.pixpassion.de\/en\/impressum\/","og_locale":"en_US","og_type":"article","og_title":"Impressum - pixpassion","og_description":"Zur\u00fcck Gesetzliche Anbieterkennung pixpassion GmbHVertreten durch die Gesch\u00e4ftsf\u00fchrer: Christoph Aul und Carsten Aul Geleitstra\u00dfe 6663456 Hanau Telefon:+49 69 210875-100 E-Mail:info@pixpassion.de USt-IdNr.: DE 292107714 Eingetragen im Handelsregister des Amtsgerichtes Hanau,Handelsregisternummer HRB 92335 Verantwortlich f\u00fcr den Inhalt: Carsten Aul Verbraucher\u00adstreit\u00adbeilegung\/Universal\u00adschlichtungs\u00adstelle Wir sind nicht bereit oder verpflichtet, an Streitbeilegungsverfahren vor einer Verbraucherschlichtungsstelle teilzunehmen.","og_url":"https:\/\/www.pixpassion.de\/en\/impressum\/","og_site_name":"pixpassion","article_modified_time":"2025-08-19T06:33:41+00:00","twitter_card":"summary_large_image","twitter_misc":{"Est. reading time":"1 minute"},"schema":{"@context":"https:\/\/schema.org","@graph":[{"@type":"WebPage","@id":"https:\/\/www.pixpassion.de\/impressum\/","url":"https:\/\/www.pixpassion.de\/impressum\/","name":"Impressum - pixpassion","isPartOf":{"@id":"https:\/\/www.pixpassion.de\/#website"},"datePublished":"2024-11-01T08:22:55+00:00","dateModified":"2025-08-19T06:33:41+00:00","breadcrumb":{"@id":"https:\/\/www.pixpassion.de\/impressum\/#breadcrumb"},"inLanguage":"en-US","potentialAction":[{"@type":"ReadAction","target":["https:\/\/www.pixpassion.de\/impressum\/"]}]},{"@type":"BreadcrumbList","@id":"https:\/\/www.pixpassion.de\/impressum\/#breadcrumb","itemListElement":[{"@type":"ListItem","position":1,"name":"Startseite","item":"https:\/\/www.pixpassion.de\/"},{"@type":"ListItem","position":2,"name":"Impressum"}]},{"@type":"WebSite","@id":"https:\/\/www.pixpassion.de\/#website","url":"https:\/\/www.pixpassion.de\/","name":"pixpassion","description":"pixpassion | Ideen werden Wirklichkeit.","potentialAction":[{"@type":"SearchAction","target":{"@type":"EntryPoint","urlTemplate":"https:\/\/www.pixpassion.de\/?s={search_term_string}"},"query-input":{"@type":"PropertyValueSpecification","valueRequired":true,"valueName":"search_term_string"}}],"inLanguage":"en-US"}]}},"_links":{"self":[{"href":"https:\/\/www.pixpassion.de\/en\/wp-json\/wp\/v2\/pages\/5917","targetHints":{"allow":["GET"]}}],"collection":[{"href":"https:\/\/www.pixpassion.de\/en\/wp-json\/wp\/v2\/pages"}],"about":[{"href":"https:\/\/www.pixpassion.de\/en\/wp-json\/wp\/v2\/types\/page"}],"author":[{"embeddable":true,"href":"https:\/\/www.pixpassion.de\/en\/wp-json\/wp\/v2\/users\/1"}],"replies":[{"embeddable":true,"href":"https:\/\/www.pixpassion.de\/en\/wp-json\/wp\/v2\/comments?post=5917"}],"version-history":[{"count":6,"href":"https:\/\/www.pixpassion.de\/en\/wp-json\/wp\/v2\/pages\/5917\/revisions"}],"predecessor-version":[{"id":9104,"href":"https:\/\/www.pixpassion.de\/en\/wp-json\/wp\/v2\/pages\/5917\/revisions\/9104"}],"wp:attachment":[{"href":"https:\/\/www.pixpassion.de\/en\/wp-json\/wp\/v2\/media?parent=5917"}],"curies":[{"name":"wp","href":"https:\/\/api.w.org\/{rel}","templated":true}]}}